{"id":33,"date":"2024-01-05T20:22:12","date_gmt":"2024-01-05T19:22:12","guid":{"rendered":"http:\/\/lucacsorgeo.com\/?page_id=33"},"modified":"2025-10-29T14:03:59","modified_gmt":"2025-10-29T13:03:59","slug":"sajto","status":"publish","type":"page","link":"https:\/\/lucacsorgeo.com\/?page_id=33","title":{"rendered":"Sajt\u00f3"},"content":{"rendered":"\n<figure class=\"wp-block-image alignfull size-large\"><img fetchpriority=\"high\" decoding=\"async\" width=\"1024\" height=\"366\" src=\"https:\/\/lucacsorgeo.com\/wp-content\/uploads\/2024\/07\/Digital-Marketing-SEEK-Cover-Image_20240710_115323_0000-1-1024x366.png\" alt=\"\" class=\"wp-image-389\" srcset=\"https:\/\/lucacsorgeo.com\/wp-content\/uploads\/2024\/07\/Digital-Marketing-SEEK-Cover-Image_20240710_115323_0000-1-1024x366.png 1024w, https:\/\/lucacsorgeo.com\/wp-content\/uploads\/2024\/07\/Digital-Marketing-SEEK-Cover-Image_20240710_115323_0000-1-300x107.png 300w, https:\/\/lucacsorgeo.com\/wp-content\/uploads\/2024\/07\/Digital-Marketing-SEEK-Cover-Image_20240710_115323_0000-1-768x274.png 768w, https:\/\/lucacsorgeo.com\/wp-content\/uploads\/2024\/07\/Digital-Marketing-SEEK-Cover-Image_20240710_115323_0000-1.png 1400w\" sizes=\"(max-width: 1024px) 100vw, 1024px\" \/><\/figure>\n\n\n\n<figure class=\"wp-block-pullquote\"><blockquote><p><strong>Esem\u00e9nyek<\/strong> <\/p><\/blockquote><\/figure>\n\n\n\n<p><a href=\"https:\/\/szinhaz.online\/tokody-ilona-es-rost-andrea-fellepeseivel-folytatodik-a-prima-donnak-sorozat\">https:\/\/szinhaz.online\/tokody-ilona-es-rost-andrea-fellepeseivel-folytatodik-a-prima-donnak-sorozat<\/a><\/p>\n\n\n\n<figure class=\"wp-block-embed\"><div class=\"wp-block-embed__wrapper\">\nhttps:\/\/port.hu\/adatlap\/szindarab\/szinhaz\/rost-andrea-operaakademia-mozart-a-varazsfuvola\/directing-49229\n<\/div><\/figure>\n\n\n\n<figure class=\"wp-block-embed is-type-wp-embed is-provider-papageno wp-block-embed-papageno\"><div class=\"wp-block-embed__wrapper\">\nhttps:\/\/papageno.hu\/blogok\/rost_andrea\/2022\/10\/palyastart-rost-andreaval\/?fbclid=IwAR1_asOlR5qRP9idPlnN-JZImCfQ1kmJ4x8228fy33Mxh5DkjTECyWzALiw\n<\/div><\/figure>\n\n\n\n<div style=\"height:119px\" aria-hidden=\"true\" class=\"wp-block-spacer\"><\/div>\n\n\n\n<details class=\"wp-block-details is-layout-flow wp-block-details-is-layout-flow\"><summary>   <strong>M\u00e9g t\u00f6bb esem\u00e9ny<\/strong><\/summary>\n<ul class=\"wp-block-list\">\n<li><a href=\"https:\/\/port.hu\/adatlap\/szindarab\/szinhaz\/rost-andrea-operaakademia-mozart-a-varazsfuvola\/directing-49229\" data-type=\"link\" data-id=\"https:\/\/port.hu\/adatlap\/szindarab\/szinhaz\/rost-andrea-operaakademia-mozart-a-varazsfuvola\/directing-49229\">https:\/\/port.hu\/adatlap\/szindarab\/szinhaz\/rost-andrea-operaakademia-mozart-a-varazsfuvola\/directing-49229<\/a> <\/li>\n\n\n\n<li><a href=\"https:\/\/www.haon.hu\/helyi-kultura\/2023\/05\/a-zene-nyelven-szolal-meg-shakespeare-debrecenben-haon\">https:\/\/www.haon.hu\/helyi-kultura\/2023\/05\/a-zene-nyelven-szolal-meg-shakespeare-debrecenben-haon<\/a><\/li>\n\n\n\n<li> <a href=\"https:\/\/felegyhazikozlony.eu\/hirek\/26469\/a-debreceni-egyetem-hallgatoi-koncerteztek-a-zeneiskolaban\">https:\/\/felegyhazikozlony.eu\/hirek\/26469\/a-debreceni-egyetem-hallgatoi-koncerteztek-a-zeneiskolaban<\/a><\/li>\n\n\n\n<li><a href=\"https:\/\/szinhaz.online\/palyastart-rost-andreaval-nagyszeru-lehetosegeket-kaptak-a-kurzus-resztvevoi\/\">https:\/\/szinhaz.online\/palyastart-rost-andreaval-nagyszeru-lehetosegeket-kaptak-a-kurzus-resztvevoi\/<\/a><\/li>\n\n\n\n<li><a href=\"https:\/\/tv2play.hu\/mokka\/rost_andrea_ezer_szazalekkal_dolgozik_nem_hianyzik_semmi_v\" data-type=\"link\" data-id=\"https:\/\/tv2play.hu\/mokka\/rost_andrea_ezer_szazalekkal_dolgozik_nem_hianyzik_semmi_v\">https:\/\/tv2play.hu\/mokka\/rost_andrea_ezer_szazalekkal_dolgozik_nem_hianyzik_semmi_v<\/a><\/li>\n\n\n\n<li><a href=\"https:\/\/deszkavizio.hu\/ok-lesznek-rost-andrea-mesterkurzusanak-resztvevoi\/\" data-type=\"link\" data-id=\"https:\/\/deszkavizio.hu\/ok-lesznek-rost-andrea-mesterkurzusanak-resztvevoi\/\">https:\/\/deszkavizio.hu\/ok-lesznek-rost-andrea-mesterkurzusanak-resztvevoi\/<\/a><\/li>\n\n\n\n<li><a href=\"https:\/\/civishir.hu\/hir\/emlekezetes-estek-a-nagyerdon?fbclid=IwAR05rehzJKQWggCGwV8DQOqssuWzolzz0uK2_jT2On6A2Imq3VGPmaJ0mHQ\" data-type=\"link\" data-id=\"https:\/\/civishir.hu\/hir\/emlekezetes-estek-a-nagyerdon?fbclid=IwAR05rehzJKQWggCGwV8DQOqssuWzolzz0uK2_jT2On6A2Imq3VGPmaJ0mHQ\">https:\/\/civishir.hu\/hir\/emlekezetes-estek-a-nagyerdon?fbclid=IwAR05rehzJKQWggCGwV8DQOqssuWzolzz0uK2_jT2On6A2Imq3VGPmaJ0mHQ<\/a><\/li>\n\n\n\n<li><a href=\"https:\/\/metropol.hu\/kultura\/2023\/12\/patakbol-folyam-kertesi-ingrid-es-virag-emese-novendekeinek-koncertje\">https:\/\/metropol.hu\/kultura\/2023\/12\/patakbol-folyam-kertesi-ingrid-es-virag-emese-novendekeinek-koncertje<\/a><\/li>\n\n\n\n<li><a href=\"https:\/\/papageno.hu\/promocio\/2023\/05\/shakespeare-altal-inspiralt-reszleteket-adnak-elo-a-debreceni-egyetem-zenesz-hallgatoi\/\" data-type=\"link\" data-id=\"https:\/\/papageno.hu\/promocio\/2023\/05\/shakespeare-altal-inspiralt-reszleteket-adnak-elo-a-debreceni-egyetem-zenesz-hallgatoi\/\">https:\/\/papageno.hu\/promocio\/2023\/05\/shakespeare-altal-inspiralt-reszleteket-adnak-elo-a-debreceni-egyetem-zenesz-hallgatoi\/<\/a><\/li>\n\n\n\n<li><a href=\"https:\/\/fidelio.hu\/zenes-szinhaz\/meseoperat-mutatnak-be-a-vigadoban-180858.html\">https:\/\/fidelio.hu\/zenes-szinhaz\/meseoperat-mutatnak-be-a-vigadoban-180858.html<\/a><\/li>\n<\/ul>\n<\/details>\n\n\n\n<div style=\"height:113px\" aria-hidden=\"true\" class=\"wp-block-spacer\"><\/div>\n\n\n\n<figure class=\"wp-block-pullquote\"><blockquote><p><strong>Kritik\u00e1k<\/strong><\/p><\/blockquote><\/figure>\n\n\n\n<ul class=\"wp-block-list\">\n<li><a href=\"https:\/\/momus.hu\/forum\/erkel-szinhaz?oldal=134\" data-type=\"link\" data-id=\"https:\/\/momus.hu\/forum\/erkel-szinhaz?oldal=134\" target=\"_blank\" rel=\"noreferrer noopener\">https:\/\/momus.hu\/forum\/erkel-szinhaz?oldal=13<\/a><\/li>\n<\/ul>\n\n\n\n<figure class=\"wp-block-embed is-type-wp-embed is-provider-opera-vil-g wp-block-embed-opera-vil-g\"><div class=\"wp-block-embed__wrapper\">\n<blockquote class=\"wp-embedded-content\" data-secret=\"JiV4mMmJs1\"><a href=\"https:\/\/operavilag.net\/kiemelt\/opera-negy-felvonasban-tiz-reszben\/\">Opera n\u00e9gy felvon\u00e1sban, t\u00edz r\u00e9szben<\/a><\/blockquote><iframe class=\"wp-embedded-content\" sandbox=\"allow-scripts\" security=\"restricted\" style=\"position: absolute; visibility: hidden;\" title=\"&#8220;Opera n\u00e9gy felvon\u00e1sban, t\u00edz r\u00e9szben&#8221; &#8212; Opera-Vil\u00e1g\" src=\"https:\/\/operavilag.net\/kiemelt\/opera-negy-felvonasban-tiz-reszben\/embed\/#?secret=BCU8hqByUc#?secret=JiV4mMmJs1\" data-secret=\"JiV4mMmJs1\" width=\"600\" height=\"338\" frameborder=\"0\" marginwidth=\"0\" marginheight=\"0\" scrolling=\"no\"><\/iframe>\n<\/div><figcaption class=\"wp-element-caption\"><br><br><a href=\"https:\/\/tenger.media\/2024\/08\/28\/rost-andrea-opera-akademia-varazsfuvola\">https:\/\/tenger.media\/2024\/08\/28\/rost-andrea-opera-akademia-varazsfuvola<\/a> 8.perc<\/figcaption><\/figure>\n","protected":false},"excerpt":{"rendered":"<p>Esem\u00e9nyek https:\/\/szinhaz.online\/tokody-ilona-es-rost-andrea-fellepeseivel-folytatodik-a-prima-donnak-sorozat Kritik\u00e1k<\/p>\n","protected":false},"author":1,"featured_media":0,"parent":3,"menu_order":0,"comment_status":"closed","ping_status":"closed","template":"","meta":{"footnotes":""},"class_list":["post-33","page","type-page","status-publish"],"_links":{"self":[{"href":"https:\/\/lucacsorgeo.com\/index.php?rest_route=\/wp\/v2\/pages\/33","targetHints":{"allow":["GET"]}}],"collection":[{"href":"https:\/\/lucacsorgeo.com\/index.php?rest_route=\/wp\/v2\/pages"}],"about":[{"href":"https:\/\/lucacsorgeo.com\/index.php?rest_route=\/wp\/v2\/types\/page"}],"author":[{"embeddable":true,"href":"https:\/\/lucacsorgeo.com\/index.php?rest_route=\/wp\/v2\/users\/1"}],"replies":[{"embeddable":true,"href":"https:\/\/lucacsorgeo.com\/index.php?rest_route=%2Fwp%2Fv2%2Fcomments&post=33"}],"version-history":[{"count":41,"href":"https:\/\/lucacsorgeo.com\/index.php?rest_route=\/wp\/v2\/pages\/33\/revisions"}],"predecessor-version":[{"id":588,"href":"https:\/\/lucacsorgeo.com\/index.php?rest_route=\/wp\/v2\/pages\/33\/revisions\/588"}],"up":[{"embeddable":true,"href":"https:\/\/lucacsorgeo.com\/index.php?rest_route=\/wp\/v2\/pages\/3"}],"wp:attachment":[{"href":"https:\/\/lucacsorgeo.com\/index.php?rest_route=%2Fwp%2Fv2%2Fmedia&parent=33"}],"curies":[{"name":"wp","href":"https:\/\/api.w.org\/{rel}","templated":true}]}}