{"id":31,"date":"2024-01-05T20:21:38","date_gmt":"2024-01-05T19:21:38","guid":{"rendered":"http:\/\/lucacsorgeo.com\/?page_id=31"},"modified":"2025-10-29T13:47:39","modified_gmt":"2025-10-29T12:47:39","slug":"repertoar","status":"publish","type":"page","link":"https:\/\/lucacsorgeo.com\/?page_id=31","title":{"rendered":"Reperto\u00e1r"},"content":{"rendered":"\n<figure class=\"wp-block-image alignfull size-large\"><img fetchpriority=\"high\" decoding=\"async\" width=\"1024\" height=\"473\" src=\"https:\/\/lucacsorgeo.com\/wp-content\/uploads\/2024\/01\/Screenshot_20240119_204624_com.google.android.apps_.docs_edit_21674797192004-1024x473.jpg\" alt=\"\" class=\"wp-image-187\" srcset=\"https:\/\/lucacsorgeo.com\/wp-content\/uploads\/2024\/01\/Screenshot_20240119_204624_com.google.android.apps_.docs_edit_21674797192004-1024x473.jpg 1024w, https:\/\/lucacsorgeo.com\/wp-content\/uploads\/2024\/01\/Screenshot_20240119_204624_com.google.android.apps_.docs_edit_21674797192004-300x139.jpg 300w, https:\/\/lucacsorgeo.com\/wp-content\/uploads\/2024\/01\/Screenshot_20240119_204624_com.google.android.apps_.docs_edit_21674797192004-768x355.jpg 768w, https:\/\/lucacsorgeo.com\/wp-content\/uploads\/2024\/01\/Screenshot_20240119_204624_com.google.android.apps_.docs_edit_21674797192004.jpg 1078w\" sizes=\"(max-width: 1024px) 100vw, 1024px\" \/><\/figure>\n\n\n\n<p><\/p>\n\n\n\n<details class=\"wp-block-details is-layout-flow wp-block-details-is-layout-flow\"><summary>Barokk M\u0171vek <\/summary>\n<p><strong>Johann Sebastian Bach:<\/strong><\/p>\n\n\n\n<ul class=\"wp-block-list\">\n<li>M\u00e1t\u00e9 passi\u00f3 BWV 244<\/li>\n\n\n\n<li>J\u00e1nos passi\u00f3 BWV 245<\/li>\n\n\n\n<li>Magnificat BWV 243<\/li>\n\n\n\n<li>Templomi kant\u00e1ta \u2013 Ich halt es mit dem lieben Gott, Seufzer, Thranen, Kummer Noth<\/li>\n\n\n\n<li>H-moll mise &nbsp;<a href=\"https:\/\/hu.wikipedia.org\/wiki\/BWV\">BWV<\/a>&nbsp;232 \u2013 Laudamus te<\/li>\n\n\n\n<li>Vad\u00e1szkant\u00e1ta a BWV 208 \u2013 Schafe k\u00f6nnen sicher weiden<\/li>\n\n\n\n<li>Kar\u00e1csonyi orat\u00f3rium  BWV 248  \u2013 Echo \u00e1ria<\/li>\n<\/ul>\n\n\n\n<p><strong>Giovanni Battista Pergolesi:<\/strong><\/p>\n\n\n\n<ul class=\"wp-block-list\">\n<li>Stabat mater<\/li>\n<\/ul>\n\n\n\n<ul class=\"wp-block-list\">\n<li>Az \u00farhatn\u00e1m szolg\u00e1l\u00f3 \u2013 Serpina \u00e1ri\u00e1k<\/li>\n\n\n\n<li>Salve Regina <\/li>\n<\/ul>\n\n\n\n<p><strong>Georg Friedrich Handel:<\/strong><\/p>\n\n\n\n<ul class=\"wp-block-list\">\n<li>Luisnghe piu care<\/li>\n\n\n\n<li>Giulio Cesare in Egitto &#8211; Cleopatra &#8211; Se piet\u00e0 di me non senti<\/li>\n<\/ul>\n\n\n\n<p><strong>Christoph Willibald Gluck:<\/strong><\/p>\n\n\n\n<ul class=\"wp-block-list\">\n<li>Orfeusz \u00e9s Euridik\u00e9 &#8211; Euridik\u00e9 \u00e1ri\u00e1k<\/li>\n<\/ul>\n\n\n\n<p><\/p>\n<\/details>\n\n\n\n<details class=\"wp-block-details is-layout-flow wp-block-details-is-layout-flow\"><summary>Klasszikus M\u0171vek <\/summary>\n<p><strong>Wolfgang Amadeus Mozart:<\/strong><\/p>\n\n\n\n<ul class=\"wp-block-list\">\n<li>C-d\u00far mise No. 4., No.5.<\/li>\n<\/ul>\n\n\n\n<ul class=\"wp-block-list\">\n<li>A-d\u00far mise<\/li>\n<\/ul>\n\n\n\n<ul class=\"wp-block-list\">\n<li>C-moll mise \u2013 Et incarnatus est<\/li>\n<\/ul>\n\n\n\n<ul class=\"wp-block-list\">\n<li>Bastien \u00e9s Basteienne &#8211; Bastienne<\/li>\n<\/ul>\n\n\n\n<ul class=\"wp-block-list\">\n<li>Don Giovanni \u2013 Zerlina <\/li>\n<\/ul>\n\n\n\n<ul class=\"wp-block-list\">\n<li>Figaro h\u00e1zass\u00e1ga \u2013 Susanna, Barbarina<\/li>\n<\/ul>\n\n\n\n<ul class=\"wp-block-list\">\n<li>Var\u00e1zsfuvola \u2013 Pamina, Papagena <\/li>\n<\/ul>\n\n\n\n<ul class=\"wp-block-list\">\n<li>Idomeneo \u2013 Ilia: Zeffiretti<\/li>\n<\/ul>\n\n\n\n<ul class=\"wp-block-list\">\n<li>A sz\u00ednlelt egy\u00fcgy\u00fc \u2013 Rosina: Colla bocca<\/li>\n<\/ul>\n\n\n\n<ul class=\"wp-block-list\">\n<li>Sz\u00f6ktet\u00e9s a szer\u00e1jb\u00f3l- Blonde: Welche Wonne, Welche Lust<\/li>\n\n\n\n<li>A sz\u00edngazgat\u00f3: Silberklang<\/li>\n\n\n\n<li>L&#8217;amero saro costante <\/li>\n<\/ul>\n\n\n\n<p><strong>Ludwig van Beethoven:<\/strong><\/p>\n\n\n\n<ul class=\"wp-block-list\">\n<li>Krisztus az olajf\u00e1k hegy\u00e9n No.2. \u2013 Seraph \u00e1ri\u00e1ja<\/li>\n<\/ul>\n<\/details>\n\n\n\n<details class=\"wp-block-details is-layout-flow wp-block-details-is-layout-flow\"><summary>Romantikus\/Impresszionista M\u0171vek<\/summary>\n<p><strong>Franz Schubert:<\/strong><\/p>\n\n\n\n<ul class=\"wp-block-list\">\n<li> Der M\u00fcller und der Bach<\/li>\n\n\n\n<li>Gretchen am Spinnrade<\/li>\n\n\n\n<li>Die Forelle<\/li>\n\n\n\n<li>Ungeduld<\/li>\n<\/ul>\n\n\n\n<p><strong>Claude Debussy:<\/strong><\/p>\n\n\n\n<ul class=\"wp-block-list\">\n<li>Szent Sebesty\u00e9n v\u00e9rtan\u00fas\u00e1ga \u2013 Je fauchais<\/li>\n\n\n\n<li>Pierrot<\/li>\n<\/ul>\n\n\n\n<p><strong>Jules<\/strong> <strong>Massenet:<\/strong><\/p>\n\n\n\n<ul class=\"wp-block-list\">\n<li>Werther \u2013 Sophie: Frere voy ez<\/li>\n<\/ul>\n\n\n\n<p><strong>Liszt Ferenc:<\/strong><\/p>\n\n\n\n<ul class=\"wp-block-list\">\n<li>Bist du<\/li>\n\n\n\n<li>Kling leise, mein Lied<\/li>\n\n\n\n<li>Hohe Liebe<\/li>\n\n\n\n<li>S\u2019il est un charmant gazon<\/li>\n<\/ul>\n\n\n\n<p><strong>Vincenzo Bellini:<\/strong><\/p>\n\n\n\n<ul class=\"wp-block-list\">\n<li>Capuleti e i&nbsp; Montecchi \u2013 Julia: Ecco mi in lieta vesta<\/li>\n\n\n\n<li>Il fervodo desiderio<\/li>\n<\/ul>\n\n\n\n<p><strong>Johannes Brahms:<\/strong><\/p>\n\n\n\n<ul class=\"wp-block-list\">\n<li>Madchenfluch<\/li>\n\n\n\n<li>Standchen<\/li>\n<\/ul>\n\n\n\n<p><strong>Erkel Ferenc:<\/strong><\/p>\n\n\n\n<ul class=\"wp-block-list\">\n<li>B\u00e1nk b\u00e1n \u2013 Melinda: \u00d6lj meg engem, B\u00e1nk<\/li>\n\n\n\n<li>Hunyadi L\u00e1szl\u00f3 &#8211; M\u00e1ty\u00e1s &#8211; Cavatina <\/li>\n<\/ul>\n\n\n\n<p><strong>Charles Gounod:<\/strong><\/p>\n\n\n\n<ul class=\"wp-block-list\">\n<li>R\u00f3meo \u00e9s J\u00falia \u2013 J\u00falia: Je Veux Vivre<\/li>\n<\/ul>\n<\/details>\n\n\n\n<details class=\"wp-block-details is-layout-flow wp-block-details-is-layout-flow\"><summary>XX. sz\u00e1zad zeneszerz\u0151k<\/summary>\n<p><strong>Petrovics Emil:<\/strong><\/p>\n\n\n\n<ul class=\"wp-block-list\">\n<li>III.kant\u00e1ta<\/li>\n<\/ul>\n\n\n\n<p><strong>Kacs\u00f3h Pongr\u00e1c:<\/strong><\/p>\n\n\n\n<ul class=\"wp-block-list\">\n<li>J\u00e1nos vit\u00e9z \u2013 A kir\u00e1lyle\u00e1ny dala<\/li>\n<\/ul>\n\n\n\n<p><strong>Kocs\u00e1r Mikl\u00f3s:<\/strong><\/p>\n\n\n\n<ul class=\"wp-block-list\">\n<li>Altat\u00f3<\/li>\n\n\n\n<li>Vir\u00e1g\u00e9nek<\/li>\n<\/ul>\n\n\n\n<p><strong>Orb\u00e1n Gy\u00f6rgy:<\/strong><\/p>\n\n\n\n<ul class=\"wp-block-list\">\n<li>H\u00e1rfadal<\/li>\n<\/ul>\n\n\n\n<p><strong>Kod\u00e1ly Zolt\u00e1n:<\/strong><\/p>\n\n\n\n<ul class=\"wp-block-list\">\n<li>A rossz feles\u00e9g<\/li>\n\n\n\n<li>A n\u0151v\u00e9rek<\/li>\n\n\n\n<li>A csit\u00e1ri hegyek alatt<\/li>\n\n\n\n<li>Ne b\u00fasuljon senki menyecsk\u00e9je<\/li>\n\n\n\n<li>Ifj\u00fas\u00e1g mint s\u00f3lyommad\u00e1r<\/li>\n\n\n\n<li>\u00c1rva mad\u00e1r<\/li>\n<\/ul>\n\n\n\n<p><strong>Sug\u00e1r Rezs\u0151:<\/strong><\/p>\n\n\n\n<ul class=\"wp-block-list\">\n<li>Reszket a bokor<\/li>\n<\/ul>\n\n\n\n<p><strong>Arnold Sch\u00f6nberg<\/strong>:<\/p>\n\n\n\n<p>Cabaret songs<\/p>\n\n\n\n<p><strong>William Bolcom<\/strong><\/p>\n\n\n\n<p>Cabaret songs<\/p>\n<\/details>\n\n\n\n<p><\/p>\n","protected":false},"excerpt":{"rendered":"","protected":false},"author":1,"featured_media":0,"parent":3,"menu_order":0,"comment_status":"closed","ping_status":"closed","template":"","meta":{"footnotes":""},"class_list":["post-31","page","type-page","status-publish"],"_links":{"self":[{"href":"https:\/\/lucacsorgeo.com\/index.php?rest_route=\/wp\/v2\/pages\/31","targetHints":{"allow":["GET"]}}],"collection":[{"href":"https:\/\/lucacsorgeo.com\/index.php?rest_route=\/wp\/v2\/pages"}],"about":[{"href":"https:\/\/lucacsorgeo.com\/index.php?rest_route=\/wp\/v2\/types\/page"}],"author":[{"embeddable":true,"href":"https:\/\/lucacsorgeo.com\/index.php?rest_route=\/wp\/v2\/users\/1"}],"replies":[{"embeddable":true,"href":"https:\/\/lucacsorgeo.com\/index.php?rest_route=%2Fwp%2Fv2%2Fcomments&post=31"}],"version-history":[{"count":28,"href":"https:\/\/lucacsorgeo.com\/index.php?rest_route=\/wp\/v2\/pages\/31\/revisions"}],"predecessor-version":[{"id":583,"href":"https:\/\/lucacsorgeo.com\/index.php?rest_route=\/wp\/v2\/pages\/31\/revisions\/583"}],"up":[{"embeddable":true,"href":"https:\/\/lucacsorgeo.com\/index.php?rest_route=\/wp\/v2\/pages\/3"}],"wp:attachment":[{"href":"https:\/\/lucacsorgeo.com\/index.php?rest_route=%2Fwp%2Fv2%2Fmedia&parent=31"}],"curies":[{"name":"wp","href":"https:\/\/api.w.org\/{rel}","templated":true}]}}