{"id":29,"date":"2024-01-05T20:21:12","date_gmt":"2024-01-05T19:21:12","guid":{"rendered":"http:\/\/lucacsorgeo.com\/?page_id=29"},"modified":"2026-02-08T15:57:16","modified_gmt":"2026-02-08T14:57:16","slug":"esemenyek","status":"publish","type":"page","link":"https:\/\/lucacsorgeo.com\/?page_id=29","title":{"rendered":"Esem\u00e9nyek"},"content":{"rendered":"\n<figure class=\"wp-block-image alignfull size-large\"><img fetchpriority=\"high\" decoding=\"async\" width=\"1024\" height=\"473\" src=\"https:\/\/lucacsorgeo.com\/wp-content\/uploads\/2024\/01\/Screenshot_20240119_144701_com.google.android.apps_.docs_edit_6066562405844-2-1024x473.jpg\" alt=\"\" class=\"wp-image-170\" srcset=\"https:\/\/lucacsorgeo.com\/wp-content\/uploads\/2024\/01\/Screenshot_20240119_144701_com.google.android.apps_.docs_edit_6066562405844-2-1024x473.jpg 1024w, https:\/\/lucacsorgeo.com\/wp-content\/uploads\/2024\/01\/Screenshot_20240119_144701_com.google.android.apps_.docs_edit_6066562405844-2-300x139.jpg 300w, https:\/\/lucacsorgeo.com\/wp-content\/uploads\/2024\/01\/Screenshot_20240119_144701_com.google.android.apps_.docs_edit_6066562405844-2-768x355.jpg 768w, https:\/\/lucacsorgeo.com\/wp-content\/uploads\/2024\/01\/Screenshot_20240119_144701_com.google.android.apps_.docs_edit_6066562405844-2.jpg 1078w\" sizes=\"(max-width: 1024px) 100vw, 1024px\" \/><\/figure>\n\n\n\n<div style=\"height:63px\" aria-hidden=\"true\" class=\"wp-block-spacer\"><\/div>\n\n\n\n<p><strong>Jelenlegi esem\u00e9nyek:<\/strong><\/p>\n\n\n\n<p><\/p>\n\n\n\n<p><\/p>\n\n\n\n<p class=\"has-text-align-center\"><strong>Opera-gy\u00f6ngyszemek, Bastien \u00e9s Bastienne \u2013 Az \u00farhatn\u00e1m szolg\u00e1l\u00f3, Mozart dalj\u00e1t\u00e9ka \u00e9s Pergolesi opera buff\u00e1ja &#8211; Marcius 21.<\/strong><\/p>\n\n\n\n<p class=\"has-text-align-center\"><a href=\"https:\/\/sztif.hu\/koncert\/pastorale-2026-3\">https:\/\/sztif.hu\/koncert\/pastorale-2026-3<\/a><\/p>\n\n\n\n<p class=\"has-text-align-center\"><strong>Macbeth -Magyar \u00c1llami Operah\u00e1z &#8211; J\u00fanius 6. 7. 8. 12. <\/strong><\/p>\n\n\n\n<p class=\"has-text-align-center\"><a href=\"https:\/\/www.opera.hu\/hu\/tarsulatitagok\/adatlap\/csorgeo-luca-eh\/2876\">https:\/\/www.opera.hu\/hu\/tarsulatitagok\/adatlap\/csorgeo-luca-eh\/2876<\/a><\/p>\n\n\n\n<div style=\"height:146px\" aria-hidden=\"true\" class=\"wp-block-spacer\"><\/div>\n\n\n\n<p><strong>M\u00faltb\u00e9li esem\u00e9nyek: <\/strong><\/p>\n\n\n\n<h6 class=\"wp-block-heading has-text-align-center\"> <strong>Stuttgart &#8211; UNIT\u00c9 Saxophone Quartet \u00e9s Cs\u00f6rge\u0151 Luca \u00e9nekes &#8211; \u00daj\u00e9vi koncert. &#8211; 2026. janu\u00e1r 29., cs\u00fct\u00f6rt\u00f6k, 19:00<\/strong><\/h6>\n\n\n\n<figure class=\"wp-block-embed alignwide is-type-wp-embed is-provider-in-magazin wp-block-embed-in-magazin\"><div class=\"wp-block-embed__wrapper\">\n<blockquote class=\"wp-embedded-content\" data-secret=\"dKMw32hYaU\"><a href=\"https:\/\/inmagazin-stuttgart.de\/veranstaltungen\/12-25-unite-saxophonquartett-und-saengerin-luca-csoergeo-29-01-25\/\">12\/25: UNIT\u00c9 Saxophonquartett und S\u00e4ngerin Luca Cs\u00f6rge\u0151 29-01-25<\/a><\/blockquote><iframe class=\"wp-embedded-content\" sandbox=\"allow-scripts\" security=\"restricted\" style=\"position: absolute; visibility: hidden;\" title=\"&#8222;12\/25: UNIT\u00c9 Saxophonquartett und S\u00e4ngerin Luca Cs\u00f6rge\u0151 29-01-25&#8220; &#8211; IN MAGAZIN\" src=\"https:\/\/inmagazin-stuttgart.de\/veranstaltungen\/12-25-unite-saxophonquartett-und-saengerin-luca-csoergeo-29-01-25\/embed\/#?secret=rlif3QqlEB#?secret=dKMw32hYaU\" data-secret=\"dKMw32hYaU\" width=\"600\" height=\"338\" frameborder=\"0\" marginwidth=\"0\" marginheight=\"0\" scrolling=\"no\"><\/iframe>\n<\/div><\/figure>\n\n\n\n<p class=\"has-text-align-center\">Zeneakad\u00e9mia -Solti terem &#8211; Janu\u00e1r 16. <\/p>\n\n\n\n<p class=\"has-text-align-center\"><a href=\"https:\/\/koncert.zeneakademia.hu\/programok\/2026-01-16-operavizsga-14082\">https:\/\/koncert.zeneakademia.hu\/programok\/2026-01-16-operavizsga-14082<\/a><\/p>\n\n\n\n<p class=\"has-text-align-center\"><strong>Nem\u00e9nyi Lili &#8211; Est -November 26. 16.00<\/strong><\/p>\n\n\n\n<figure class=\"wp-block-embed aligncenter is-type-wp-embed is-provider-pesterzs-beti-m-zeum wp-block-embed-pesterzs-beti-m-zeum\"><div class=\"wp-block-embed__wrapper\">\n<blockquote class=\"wp-embedded-content\" data-secret=\"6iHmMrEYC5\"><a href=\"https:\/\/muzeum.pesterzsebet.hu\/tizenot-eves-eppen-36-nemenyi-lili-est\/\">&#8222;Tizen\u00f6t \u00e9ves \u00e9ppen&#8221; 36. Nem\u00e9nyi Lili est<\/a><\/blockquote><iframe class=\"wp-embedded-content\" sandbox=\"allow-scripts\" security=\"restricted\" style=\"position: absolute; visibility: hidden;\" title=\"&#8220;&#8222;Tizen\u00f6t \u00e9ves \u00e9ppen&#8221; 36. Nem\u00e9nyi Lili est&#8221; &#8212; Pesterzs\u00e9beti M\u00fazeum\" src=\"https:\/\/muzeum.pesterzsebet.hu\/tizenot-eves-eppen-36-nemenyi-lili-est\/embed\/#?secret=A3MZsT6Pgu#?secret=6iHmMrEYC5\" data-secret=\"6iHmMrEYC5\" width=\"600\" height=\"338\" frameborder=\"0\" marginwidth=\"0\" marginheight=\"0\" scrolling=\"no\"><\/iframe>\n<\/div><\/figure>\n\n\n\n<p class=\"has-text-align-center\">Pr\u00e4modern+ koncertek: Cs\u00f6rge\u0151 Luca &amp; Unit\u00e9 Saxophone Quartet \u2013 \u201eAnya vagy Ap\u00e1ca\u201d<\/p>\n\n\n\n<figure class=\"wp-block-embed alignwide is-type-wp-embed is-provider-fuga-budapesti-p-t-szeti-k-zpont-ki-ll-t-sok-koncertek-bemutat-k-k-nyvesbolt wp-block-embed-fuga-budapesti-p-t-szeti-k-zpont-ki-ll-t-sok-koncertek-bemutat-k-k-nyvesbolt\"><div class=\"wp-block-embed__wrapper\">\n<blockquote class=\"wp-embedded-content\" data-secret=\"ociQ9u5yf3\"><a href=\"https:\/\/fuga.org.hu\/fevent\/csorgeo_unite\/\">Pr\u00e4modern+ koncertek: Cs\u00f6rge\u0151 Luca &#038; Unit\u00e9 Saxophone Quartet &#8211; &#8222;Anya vagy Ap\u00e1ca&#8221;<\/a><\/blockquote><iframe class=\"wp-embedded-content\" sandbox=\"allow-scripts\" security=\"restricted\" style=\"position: absolute; visibility: hidden;\" title=\"&#8220;Pr\u00e4modern+ koncertek: Cs\u00f6rge\u0151 Luca &#038; Unit\u00e9 Saxophone Quartet &#8211; &#8222;Anya vagy Ap\u00e1ca&#8221;&#8221; &#8212; FUGA : : Budapesti \u00c9p\u00edt\u00e9szeti K\u00f6zpont  |  Ki\u00e1ll\u00edt\u00e1sok  |  Koncertek  |  Bemutat\u00f3k  |  K\u00f6nyvesbolt\" src=\"https:\/\/fuga.org.hu\/fevent\/csorgeo_unite\/embed\/#?secret=WhRTgucb5J#?secret=ociQ9u5yf3\" data-secret=\"ociQ9u5yf3\" width=\"600\" height=\"338\" frameborder=\"0\" marginwidth=\"0\" marginheight=\"0\" scrolling=\"no\"><\/iframe>\n<\/div><\/figure>\n\n\n\n<p class=\"has-text-align-center\"><strong>27. G\u00f6d\u00f6ll\u0151i Nemzetk\u00f6zi H\u00e1rfafesztiv\u00e1l, Tall\u00f3s \u00c1lmos h\u00e1rfaestje, Km. Cs\u00f6rge\u0151 Luca &#8211; okt\u00f3ber 10. 19:00<\/strong><\/p>\n\n\n\n<p class=\"has-text-align-center\"><a href=\"https:\/\/www.jegy.hu\/program\/27-godolloi-nemzetkozi-harfafesztival-tallos-almos-harfaestje-km-csorgeo-luca-szopran-175917\">https:\/\/www.jegy.hu\/program\/27-godolloi-nemzetkozi-harfafesztival-tallos-almos-harfaestje-km-csorgeo-luca-szopran-175917<\/a><\/p>\n\n\n\n<p class=\"has-text-align-center\"><strong>Cs\u00f6rge\u0151 Luca \u00e9s az Unit\u00e9 Saxophone Quartet &#8211; Anya vagy Ap\u00e1ca? &#8211; Interakt\u00edv Zenei Zar\u00e1ndoklat &#8211; 2025 szeptember 17. 19:00<\/strong><\/p>\n\n\n\n<p class=\"has-text-align-center\"><a href=\"https:\/\/ars-sacra.hu\/prg.php?prgid=7914\">https:\/\/ars-sacra.hu\/prg.php?prgid=7914<\/a><\/p>\n\n\n\n<p class=\"has-text-align-center\">&nbsp;<strong>59. Ny\u00edrb\u00e1tori Zenei Napok rendezv\u00e9nysorozat &#8211; Var\u00e1zsfuvola &#8211; Pamina- 2025. augusztus 13.<\/strong> <strong>18:00<\/strong><\/p>\n\n\n\n<p class=\"has-text-align-center\"><a href=\"https:\/\/www.tixa.hu\/varazsfuvolanyb?fbclid=IwY2xjawMArJxleHRuA2FlbQIxMABicmlkETFpM1Awb29zbDJ1cFIzYXIwAR4AzxoeHCSHGn-YwBDlcRzUlwYe26x46mNfhpPVLgIAd2BWTnDF8K36PQz9Yg_aem_J1gGTipnOWcnnOqidfe_pQ\">https:\/\/www.tixa.hu\/varazsfuvolanyb<\/a>?<\/p>\n\n\n\n<p class=\"has-text-align-center\"><strong>Serenata \u2013 gyertyaf\u00e9nyes koncert a csillagok alatt<\/strong> <strong>&#8211; 2025. augusztus 11. 20:30<\/strong><\/p>\n\n\n\n<p class=\"has-text-align-center\"><a href=\"https:\/\/www.jegy.hu\/program\/serenata-gyertyafenyes-koncert-a-csillagok-alatt-177435\" data-type=\"link\" data-id=\"https:\/\/www.jegy.hu\/program\/serenata-gyertyafenyes-koncert-a-csillagok-alatt-177435\">https:\/\/www.jegy.hu\/program\/serenata-gyertyafenyes-koncert-a-csillagok-alatt-177435<\/a><\/p>\n\n\n\n<p class=\"has-text-align-center\"><strong>Unit\u00e9 Saxophone Quartet \u00e9s Cs\u00f6rge\u0151 Luca j\u00f3t\u00e9konys\u00e1gi koncert &#8211; G\u00e1rdony- J\u00falius 18. 16:00<\/strong><\/p>\n\n\n\n<p class=\"has-text-align-center\"><strong>Unit\u00e9 Saxophone Quartet \u00e9s Cs\u00f6rge\u0151 Luca koncertje &#8211; Balatoncsics\u00f3 &#8211; J\u00fanius 17. 19:00<\/strong><\/p>\n\n\n\n<p class=\"has-text-align-center\"><strong>W. A.  Mozart: Sz\u00ednigazgat\u00f3 &#8211; M\u00e1jus 23. 19:00 <\/strong><\/p>\n\n\n\n<p class=\"has-text-align-center\"><strong> Ma Go Saxophone fesztiv\u00e1l &#8211; Antwerpen &#8211; Unit\u00e9 Saxoponhe Quartett &#8211; M\u00e1jus 24. 17:00<\/strong><\/p>\n\n\n\n<p class=\"has-text-align-center\"><strong>Orgon\u00e1k \u00c9jszak\u00e1ja &#8211; J\u00fanius 7. &#8211; 16:00 Kecsk\u00e9d \u2013 R\u00f3mai Katolikus templom 18:00 Nagyigm\u00e1nd \u2013 Reform\u00e1tus templom 20:00 Kisb\u00e9r \u2013 Szabadt\u00e9ri sz\u00ednpad<\/strong><\/p>\n\n\n\n<p class=\"has-text-align-center\"><strong>W. A.  Mozart: Sz\u00ednigazgat\u00f3 &#8211; J\u00fanius 23. 19:00 &#8211; E\u00f6tv\u00f6s10  <\/strong><\/p>\n\n\n\n<p class=\"has-text-align-center\"><strong>F\u00e9ny \u00e9s \u00c1rny\u00e9k &#8211; E\u00f6tv\u00f6s10 &#8211; M\u00e1jus 6. 19:00<\/strong><\/p>\n\n\n\n<p class=\"has-text-align-center\"><a href=\"https:\/\/eotvos10.hu\/esemenyek\/csorgeo-luca-es-az-unite-saxophone-quartet-feny-es-arnyek\">https:\/\/eotvos10.hu\/esemenyek\/csorgeo-luca-es-az-unite-saxophone-quartet-feny-es-arnyek<\/a> <\/p>\n\n\n\n<p class=\"has-text-align-center\"><strong>Diploma koncert &#8211; Zeneakad\u00e9mia Solti terem &#8211; M\u00e1jus 15. 16:00<\/strong><\/p>\n\n\n\n<p class=\"has-text-align-center\">https:\/\/lfze.hu\/programs\/luca-csorgeo-oratorio-and-lied-singing-ma-diploma-concert-13265<\/p>\n\n\n<div class=\"wp-block-image\">\n<figure class=\"aligncenter size-large\"><img decoding=\"async\" width=\"1024\" height=\"732\" src=\"https:\/\/lucacsorgeo.com\/wp-content\/uploads\/2025\/03\/1-1024x732.png\" alt=\"\" class=\"wp-image-522\" srcset=\"https:\/\/lucacsorgeo.com\/wp-content\/uploads\/2025\/03\/1-1024x732.png 1024w, https:\/\/lucacsorgeo.com\/wp-content\/uploads\/2025\/03\/1-300x214.png 300w, https:\/\/lucacsorgeo.com\/wp-content\/uploads\/2025\/03\/1-768x549.png 768w, https:\/\/lucacsorgeo.com\/wp-content\/uploads\/2025\/03\/1-1536x1097.png 1536w, https:\/\/lucacsorgeo.com\/wp-content\/uploads\/2025\/03\/1.png 2000w\" sizes=\"(max-width: 1024px) 100vw, 1024px\" \/><\/figure>\n<\/div>\n\n\n<p class=\"has-text-align-center\"><strong>Bach Mindenkinek Fesztiv\u00e1l &#8211; E\u00f6tv\u00f6s10 &#8211; M\u00e1rcius 24. 18:00<\/strong><\/p>\n\n\n\n<p class=\"has-text-align-center\"><a href=\"https:\/\/rendezvenyek.bachmindenkinek.hu\/rendezveny\/256\">https:\/\/rendezvenyek.bachmindenkinek.hu\/rendezveny\/256<\/a><\/p>\n\n\n\n<p class=\"has-text-align-center\"><a href=\"https:\/\/eotvos10.hu\/esemenyek\/bach-mindenkinek-fesztival-szaxofon-es-enek-bach-hangjai-uj-kontosben\/\">https:\/\/eotvos10.hu\/esemenyek\/bach-mindenkinek-fesztival-szaxofon-es-enek-bach-hangjai-uj-kontosben\/<\/a> <\/p>\n\n\n\n<p class=\"has-text-align-center\"><strong>Magyar \u00c1llami Operah\u00e1z &#8211; Macbeth &#8211; harmadik jelen\u00e9s &#8211; Febru\u00e1r 22, 26, 28,  M\u00e1rcius 2, 5, 7, 9,<\/strong><\/p>\n\n\n\n<p class=\"has-text-align-center\"><a href=\"https:\/\/www.opera.hu\/hu\/musor\/2024-2025\/macbeth-2024\/eloadas-202502281830\/\">https:\/\/www.opera.hu\/hu\/musor\/2024-2025\/macbeth-2024\/eloadas-202502281830\/<\/a><\/p>\n\n\n\n<p class=\"has-text-align-center\"><strong>Helsinki &#8211; Liszt Int\u00e9zet -Magyar Kult\u00fara Vil\u00e1gnapja &#8211; 2025 Janu\u00e1r 22.<\/strong><\/p>\n\n\n\n<p class=\"has-text-align-center\"><a href=\"https:\/\/culture.hu\/hu\/helsinki\/esemenyek\/csorgeo-luca-szabo-krisztian-es-domotor-mate-koncertje-a-magyar-kultura-napja-alkalmabol\">https:\/\/culture.hu\/hu\/helsinki\/esemenyek\/csorgeo-luca-szabo-krisztian-es-domotor-mate-koncertje-a-magyar-kultura-napja-alkalmabol<\/a><\/p>\n\n\n\n<p class=\"has-text-align-center\"><strong>Magyar \u00c1llami<\/strong> <strong>Operah\u00e1z &#8211; Rost Andrea &#8211; Prima Donn\u00e1k &#8211; 2025 Febru\u00e1r 7. <\/strong><\/p>\n\n\n\n<p class=\"has-text-align-center\"><a href=\"https:\/\/www.opera.hu\/hu\/musor\/2024-2025\/rost-andrea-2024\/eloadas-202502072000\/\" data-type=\"link\" data-id=\"https:\/\/www.opera.hu\/hu\/musor\/2024-2025\/rost-andrea-2024\/eloadas-202502072000\/\">https:\/\/www.opera.hu\/hu\/musor\/2024-2025\/rost-andrea-2024\/eloadas-202502072000\/<\/a> <\/p>\n\n\n\n<p class=\"has-text-align-center\"><strong>FUGA &#8211; Ezer hang egy vil\u00e1gban &#8211;  Szaxofon \u00e9s \u00e9nek harm\u00f3ni\u00e1i<\/strong> &#8211; <strong>November 20.<\/strong><\/p>\n\n\n\n<figure class=\"wp-block-embed aligncenter is-type-wp-embed is-provider-fuga-budapesti-p-t-szeti-k-zpont-ki-ll-t-sok-koncertek-bemutat-k-k-nyvesbolt wp-block-embed-fuga-budapesti-p-t-szeti-k-zpont-ki-ll-t-sok-koncertek-bemutat-k-k-nyvesbolt\"><div class=\"wp-block-embed__wrapper\">\n<blockquote class=\"wp-embedded-content\" data-secret=\"7UB9NqlyA3\"><a href=\"https:\/\/fuga.org.hu\/fevent\/pramodern-koncertek-ezer-hang-egy-vilagban\/\">Pr\u00e4modern koncertek: Ezer hang egy Vil\u00e1gban<\/a><\/blockquote><iframe class=\"wp-embedded-content\" sandbox=\"allow-scripts\" security=\"restricted\" style=\"position: absolute; visibility: hidden;\" title=\"&#8220;Pr\u00e4modern koncertek: Ezer hang egy Vil\u00e1gban&#8221; &#8212; FUGA : : Budapesti \u00c9p\u00edt\u00e9szeti K\u00f6zpont  |  Ki\u00e1ll\u00edt\u00e1sok  |  Koncertek  |  Bemutat\u00f3k  |  K\u00f6nyvesbolt\" src=\"https:\/\/fuga.org.hu\/fevent\/pramodern-koncertek-ezer-hang-egy-vilagban\/embed\/#?secret=rLTf58QO9q#?secret=7UB9NqlyA3\" data-secret=\"7UB9NqlyA3\" width=\"600\" height=\"338\" frameborder=\"0\" marginwidth=\"0\" marginheight=\"0\" scrolling=\"no\"><\/iframe>\n<\/div><\/figure>\n\n\n\n<p><\/p>\n\n\n\n<p><\/p>\n\n\n\n<p class=\"has-text-align-center\"><strong>A KuglerArt zenet\u00f6rt\u00e9neti sorozata \u00fajrahangolva II. r\u00e9sz &#8211; Okt\u00f3ber 15.<\/strong><\/p>\n\n\n\n<p class=\"has-text-align-center\"><a href=\"https:\/\/www.jegy.hu\/program\/a-kuglerart-zenetorteneti-sorozata-ujrahangolva-ii-resz-menuhin-solti-es-a-tobbiek-165683?lang=en\">https:\/\/www.jegy.hu\/program\/a-kuglerart-zenetorteneti-sorozata-ujrahangolva-ii-resz-menuhin-solti-es-a-tobbiek-165683?lang=en<\/a> <\/p>\n\n\n\n<p><\/p>\n\n\n\n<p><\/p>\n\n\n\n<p class=\"has-text-align-center\"><strong>W. A. Mozart: Var\u00e1zsfuvola &#8211; Pamina &#8211; Rostacademia<\/strong><\/p>\n\n\n\n<p class=\"has-text-align-center\">  <a href=\"https:\/\/eotvos10.hu\/esemenyek\/a-rost-andrea-operaakademia-bemutatja-mozart-a-varazsfuvola-cimu-remekmuvet-az-eotvos10-ben\/2024-09-02\/\">https:\/\/eotvos10.hu\/esemenyek\/a-rost-andrea-operaakademia-bemutatja-mozart-a-varazsfuvola-cimu-remekmuvet-az-eotvos10-ben\/2024-09-02\/<\/a><\/p>\n\n\n\n<div style=\"height:51px\" aria-hidden=\"true\" class=\"wp-block-spacer\"><\/div>\n\n\n\n<p class=\"has-text-align-center\"><strong>Ars Sacra fesztiv\u00e1l &#8211; Ezer hang egy vil\u00e1gban &#8211; Szaxofon \u00e9s \u00e9nek harm\u00f3ni\u00e1i<\/strong><\/p>\n\n\n\n<p class=\"has-text-align-center\"><a href=\"https:\/\/ars-sacra.hu\/prg.php?prgid=7468 \">https:\/\/ars-sacra.hu\/prg.php?prgid=7468 <\/a><\/p>\n\n\n\n<div style=\"height:51px\" aria-hidden=\"true\" class=\"wp-block-spacer\"><\/div>\n\n\n\n<p class=\"has-text-align-center\"><strong>Bach mindenkinek fesztiv\u00e1l &#8211; Bach \u00e1ri\u00e1k <\/strong><\/p>\n\n\n\n<p class=\"has-text-align-center\"><a href=\"https:\/\/eotvos10.hu\/esemenyek\/bach-mindenkinek-fesztival-3\/\" target=\"_blank\" rel=\"noreferrer noopener\">https:\/\/eotvos10.hu\/esemenyek\/bach-mindenkinek-fesztival-3\/<\/a><\/p>\n\n\n\n<div style=\"height:51px\" aria-hidden=\"true\" class=\"wp-block-spacer\"><\/div>\n\n\n\n<p class=\"has-text-align-center\"><strong>E. Humperdinck: Jancsi \u00e9s Juliska &#8211; \u00c1lom man\u00f3 &#8211; Szent Istv\u00e1n Filharmonikusok<\/strong><\/p>\n\n\n\n<p class=\"has-text-align-center\"><a href=\"https:\/\/szentistvanfilharmonikusok.hu\/esemeny\/2024-04-20-pastorale-2024-iii.html\">https:\/\/szentistvanfilharmonikusok.hu\/esemeny\/2024-04-20-pastorale-2024-iii.html<\/a><\/p>\n\n\n\n<div style=\"height:50px\" aria-hidden=\"true\" class=\"wp-block-spacer\"><\/div>\n\n\n\n<p class=\"has-text-align-center\"><strong>W. A. Mozart Figaro h\u00e1zass\u00e1ga &#8211; Barbarina &#8211; Erkel operastudio<\/strong><\/p>\n\n\n\n<p class=\"has-text-align-center\"><a href=\"https:\/\/eotvos10.hu\/esemenyek\/az-erkel-operastudio-bemutatja-w-a-mozart-figaro-hazassaga\/\">https:\/\/eotvos10.hu\/esemenyek\/az-erkel-operastudio-bemutatja-w-a-mozart-figaro-hazassaga\/<\/a><\/p>\n\n\n\n<div style=\"height:100px\" aria-hidden=\"true\" class=\"wp-block-spacer\"><\/div>\n\n\n\n<div  class=\"tribe-compatibility-container\" >\n\t<div\n\t\t class=\"tribe-common tribe-events tribe-events-view tribe-events-view--widget-events-list tribe-events-widget\" \t\tdata-js=\"tribe-events-view\"\n\t\tdata-view-rest-url=\"https:\/\/lucacsorgeo.com\/index.php?rest_route=\/tribe\/views\/v2\/html\"\n\t\tdata-view-manage-url=\"1\"\n\t\t\t\t\t\t\tdata-view-breakpoint-pointer=\"f28945b1-a146-44f3-a6b8-deae7837f81a\"\n\t\t\t>\n\t\t<div class=\"tribe-events-widget-events-list\">\n\n\t\t\t\n\t\t\t<script data-js=\"tribe-events-view-data\" type=\"application\/json\">\n\t{\"slug\":\"widget-events-list\",\"prev_url\":\"\",\"next_url\":\"\",\"view_class\":\"Tribe\\\\Events\\\\Views\\\\V2\\\\Views\\\\Widgets\\\\Widget_List_View\",\"view_slug\":\"widget-events-list\",\"view_label\":\"View\",\"view\":null,\"should_manage_url\":true,\"id\":null,\"alias-slugs\":null,\"title\":\"Upcoming Events \\u2013 Luca Cs\\u00f6rge\\u0151\",\"limit\":\"5\",\"no_upcoming_events\":false,\"featured_events_only\":false,\"jsonld_enable\":true,\"tribe_is_list_widget\":false,\"admin_fields\":{\"title\":{\"label\":\"Title:\",\"type\":\"text\",\"classes\":\"\",\"dependency\":\"\",\"id\":\"widget-tribe-widget-events-list--1-title\",\"name\":\"widget-tribe-widget-events-list[-1][title]\",\"options\":[],\"placeholder\":\"\",\"value\":null},\"limit\":{\"label\":\"Show:\",\"type\":\"number\",\"default\":5,\"min\":1,\"max\":10,\"step\":1,\"classes\":\"\",\"dependency\":\"\",\"id\":\"widget-tribe-widget-events-list--1-limit\",\"name\":\"widget-tribe-widget-events-list[-1][limit]\",\"options\":[],\"placeholder\":\"\",\"value\":null},\"no_upcoming_events\":{\"label\":\"Hide this widget if there are no upcoming events.\",\"type\":\"checkbox\",\"classes\":\"\",\"dependency\":\"\",\"id\":\"widget-tribe-widget-events-list--1-no_upcoming_events\",\"name\":\"widget-tribe-widget-events-list[-1][no_upcoming_events]\",\"options\":[],\"placeholder\":\"\",\"value\":null},\"featured_events_only\":{\"label\":\"Limit to featured events only\",\"type\":\"checkbox\",\"classes\":\"\",\"dependency\":\"\",\"id\":\"widget-tribe-widget-events-list--1-featured_events_only\",\"name\":\"widget-tribe-widget-events-list[-1][featured_events_only]\",\"options\":[],\"placeholder\":\"\",\"value\":null},\"jsonld_enable\":{\"label\":\"Generate JSON-LD data\",\"type\":\"checkbox\",\"classes\":\"\",\"dependency\":\"\",\"id\":\"widget-tribe-widget-events-list--1-jsonld_enable\",\"name\":\"widget-tribe-widget-events-list[-1][jsonld_enable]\",\"options\":[],\"placeholder\":\"\",\"value\":null}},\"events\":[],\"url\":\"https:\\\/\\\/lucacsorgeo.com\\\/?post_type=tribe_events&eventDisplay=widget-events-list\",\"url_event_date\":false,\"bar\":{\"keyword\":\"\",\"date\":\"\"},\"today\":\"2026-04-20 00:00:00\",\"now\":\"2026-04-20 13:42:50\",\"rest_url\":\"https:\\\/\\\/lucacsorgeo.com\\\/index.php?rest_route=\\\/tribe\\\/views\\\/v2\\\/html\",\"rest_method\":\"POST\",\"rest_nonce\":\"\",\"today_url\":\"https:\\\/\\\/lucacsorgeo.com\\\/?post_type=tribe_events&eventDisplay=widget-events-list&rest_route=%2Fwp%2Fv2%2Fpages%2F29\",\"today_title\":\"Click to select today's date\",\"today_label\":\"Today\",\"prev_label\":\"\",\"next_label\":\"\",\"date_formats\":{\"compact\":\"n\\\/j\\\/Y\",\"month_and_year_compact\":\"n\\\/j\\\/Y\",\"month_and_year\":\"F Y\",\"time_range_separator\":\" - \",\"date_time_separator\":\" @ \"},\"messages\":{\"notice\":[\"There are no upcoming events.\"]},\"start_of_week\":\"1\",\"header_title\":\"\",\"header_title_element\":\"h1\",\"content_title\":\"\",\"breadcrumbs\":[],\"before_events\":\"\",\"after_events\":\"\\n<!--\\nThis calendar is powered by The Events Calendar.\\nhttp:\\\/\\\/evnt.is\\\/18wn\\n-->\\n\",\"display_events_bar\":false,\"disable_event_search\":false,\"live_refresh\":true,\"ical\":{\"display_link\":true,\"link\":{\"url\":\"https:\\\/\\\/lucacsorgeo.com\\\/?post_type=tribe_events&#038;eventDisplay=widget-events-list&#038;ical=1\",\"text\":\"Export Events\",\"title\":\"Use this to share calendar data with Google Calendar, Apple iCal and other compatible apps\"}},\"container_classes\":[\"tribe-common\",\"tribe-events\",\"tribe-events-view\",\"tribe-events-view--widget-events-list\",\"tribe-events-widget\"],\"container_data\":[],\"is_past\":false,\"breakpoints\":{\"xsmall\":500,\"medium\":768,\"full\":960},\"breakpoint_pointer\":\"f28945b1-a146-44f3-a6b8-deae7837f81a\",\"is_initial_load\":false,\"public_views\":{\"list\":{\"view_class\":\"Tribe\\\\Events\\\\Views\\\\V2\\\\Views\\\\List_View\",\"view_url\":\"https:\\\/\\\/lucacsorgeo.com\\\/?post_type=tribe_events&eventDisplay=list\",\"view_label\":\"List\"},\"month\":{\"view_class\":\"Tribe\\\\Events\\\\Views\\\\V2\\\\Views\\\\Month_View\",\"view_url\":\"https:\\\/\\\/lucacsorgeo.com\\\/?post_type=tribe_events&eventDisplay=month\",\"view_label\":\"Month\"}},\"show_latest_past\":false,\"past\":false,\"compatibility_classes\":[\"tribe-compatibility-container\"],\"view_more_text\":\"View Calendar\",\"view_more_title\":\"View more events.\",\"view_more_link\":\"https:\\\/\\\/lucacsorgeo.com\",\"widget_title\":\"K\\u00f6zelg\\u0151 esem\\u00e9nyek\",\"hide_if_no_upcoming_events\":false,\"display\":[],\"subscribe_links\":{\"gcal\":{\"label\":\"Google Calendar\",\"single_label\":\"Add to Google Calendar\",\"visible\":true,\"block_slug\":\"hasGoogleCalendar\"},\"ical\":{\"label\":\"iCalendar\",\"single_label\":\"Add to iCalendar\",\"visible\":true,\"block_slug\":\"hasiCal\"},\"outlook-365\":{\"label\":\"Outlook 365\",\"single_label\":\"Outlook 365\",\"visible\":true,\"block_slug\":\"hasOutlook365\"},\"outlook-live\":{\"label\":\"Outlook Live\",\"single_label\":\"Outlook Live\",\"visible\":true,\"block_slug\":\"hasOutlookLive\"},\"ics\":{\"label\":\"Export .ics file\",\"single_label\":\"Export .ics file\",\"visible\":true,\"block_slug\":null},\"outlook-ics\":{\"label\":\"Export Outlook .ics file\",\"single_label\":\"Export Outlook .ics file\",\"visible\":true,\"block_slug\":null}},\"_context\":{\"slug\":\"widget-events-list\"}}<\/script>\n\n\t\t\t\t\t\t\t<header class=\"tribe-events-widget-events-list__header\">\n\t\t\t\t\t<h2 class=\"tribe-events-widget-events-list__header-title tribe-common-h6 tribe-common-h--alt\">\n\t\t\t\t\t\tK\u00f6zelg\u0151 esem\u00e9nyek\t\t\t\t\t<\/h2>\n\t\t\t\t<\/header>\n\t\t\t\n\t\t\t\n\t\t\t\t<div  class=\"tribe-events-header__messages tribe-events-c-messages tribe-common-b2\"  >\n\t\t\t<div class=\"tribe-events-c-messages__message tribe-events-c-messages__message--notice\" role=\"alert\">\n\t\t\t<svg  class=\"tribe-common-c-svgicon tribe-common-c-svgicon--messages-not-found tribe-events-c-messages__message-icon-svg\"  viewBox=\"0 0 21 23\" xmlns=\"http:\/\/www.w3.org\/2000\/svg\"><g fill-rule=\"evenodd\"><path d=\"M.5 2.5h20v20H.5z\"\/><path stroke-linecap=\"round\" d=\"M7.583 11.583l5.834 5.834m0-5.834l-5.834 5.834\" class=\"tribe-common-c-svgicon__svg-stroke\"\/><path stroke-linecap=\"round\" d=\"M4.5.5v4m12-4v4\"\/><path stroke-linecap=\"square\" d=\"M.5 7.5h20\"\/><\/g><\/svg>\n\t\t\t<ul class=\"tribe-events-c-messages__message-list\" role=\"alert\" aria-live=\"polite\">\n\t\t\t\t\t\t\t\t\t<li\n\t\t\t\t\t\tclass=\"tribe-events-c-messages__message-list-item\"\n\t\t\t\t\t\t data-key=\"0\" \t\t\t\t\t>\n\t\t\t\t\tThere are no upcoming events.\t\t\t\t\t<\/li>\n\t\t\t\t\t\t\t<\/ul>\n\t\t<\/div>\n\t<\/div>\n\n\t\t\t\t\t<\/div>\n\t<\/div>\n<\/div>\n<script data-js='tribe-events-view-nonce-data' type='application\/json'>{\"_tec_view_rest_nonce_primary\":\"082613bf24\",\"_tec_view_rest_nonce_secondary\":\"\"}<\/script>\n\n\n\n<div style=\"height:184px\" aria-hidden=\"true\" class=\"wp-block-spacer\"><\/div>\n\n\n\n<p><\/p>\n\n\n\n                <div class=\"ml-embedded\" data-form=\"nhT3ut\"><\/div>\n            \n\n\n<a class=\"wp-block-read-more\" href=\"https:\/\/lucacsorgeo.com\/?page_id=29\" target=\"_self\">B\u0151vebben<span class=\"screen-reader-text\">: Esem\u00e9nyek<\/span><\/a>\n\n\n<div class=\"wp-block-buttons is-content-justification-center is-layout-flex wp-container-core-buttons-is-layout-16018d1d wp-block-buttons-is-layout-flex\">\n<div class=\"wp-block-button\"><a class=\"wp-block-button__link wp-element-button\" href=\"https:\/\/lucacsorgeo.com\/?page_id=33\">Sajt\u00f3<\/a><\/div>\n<\/div>\n\n\n\n<p><\/p>\n","protected":false},"excerpt":{"rendered":"<p>Jelenlegi esem\u00e9nyek: Opera-gy\u00f6ngyszemek, Bastien \u00e9s Bastienne \u2013 Az \u00farhatn\u00e1m szolg\u00e1l\u00f3, Mozart dalj\u00e1t\u00e9ka \u00e9s Pergolesi opera buff\u00e1ja &#8211; Marcius 21. https:\/\/sztif.hu\/koncert\/pastorale-2026-3 Macbeth -Magyar \u00c1llami Operah\u00e1z &#8211; J\u00fanius 6. 7. 8. 12. &#8230; <a title=\"Esem\u00e9nyek\" class=\"read-more\" href=\"https:\/\/lucacsorgeo.com\/?page_id=29\" aria-label=\"Tov\u00e1bbiak Esem\u00e9nyek\">Olvass tov\u00e1bb<\/a><\/p>\n","protected":false},"author":1,"featured_media":0,"parent":3,"menu_order":0,"comment_status":"closed","ping_status":"closed","template":"","meta":{"footnotes":""},"class_list":["post-29","page","type-page","status-publish"],"_links":{"self":[{"href":"https:\/\/lucacsorgeo.com\/index.php?rest_route=\/wp\/v2\/pages\/29","targetHints":{"allow":["GET"]}}],"collection":[{"href":"https:\/\/lucacsorgeo.com\/index.php?rest_route=\/wp\/v2\/pages"}],"about":[{"href":"https:\/\/lucacsorgeo.com\/index.php?rest_route=\/wp\/v2\/types\/page"}],"author":[{"embeddable":true,"href":"https:\/\/lucacsorgeo.com\/index.php?rest_route=\/wp\/v2\/users\/1"}],"replies":[{"embeddable":true,"href":"https:\/\/lucacsorgeo.com\/index.php?rest_route=%2Fwp%2Fv2%2Fcomments&post=29"}],"version-history":[{"count":88,"href":"https:\/\/lucacsorgeo.com\/index.php?rest_route=\/wp\/v2\/pages\/29\/revisions"}],"predecessor-version":[{"id":615,"href":"https:\/\/lucacsorgeo.com\/index.php?rest_route=\/wp\/v2\/pages\/29\/revisions\/615"}],"up":[{"embeddable":true,"href":"https:\/\/lucacsorgeo.com\/index.php?rest_route=\/wp\/v2\/pages\/3"}],"wp:attachment":[{"href":"https:\/\/lucacsorgeo.com\/index.php?rest_route=%2Fwp%2Fv2%2Fmedia&parent=29"}],"curies":[{"name":"wp","href":"https:\/\/api.w.org\/{rel}","templated":true}]}}