{"id":27,"date":"2024-01-05T20:19:45","date_gmt":"2024-01-05T19:19:45","guid":{"rendered":"http:\/\/lucacsorgeo.com\/?page_id=27"},"modified":"2025-10-29T13:48:01","modified_gmt":"2025-10-29T12:48:01","slug":"galeria-videok","status":"publish","type":"page","link":"https:\/\/lucacsorgeo.com\/?page_id=27","title":{"rendered":"Gal\u00e9ria, Vide\u00f3k"},"content":{"rendered":"\n<figure class=\"wp-block-image alignfull\"><img fetchpriority=\"high\" decoding=\"async\" width=\"1080\" height=\"498\" src=\"https:\/\/lucacsorgeo.com\/wp-content\/uploads\/2024\/01\/Screenshot_20240119_144236_com.android.gallery3d_edit_11257577434218.jpg\" alt=\"\" class=\"wp-image-180\" srcset=\"https:\/\/lucacsorgeo.com\/wp-content\/uploads\/2024\/01\/Screenshot_20240119_144236_com.android.gallery3d_edit_11257577434218.jpg 1080w, https:\/\/lucacsorgeo.com\/wp-content\/uploads\/2024\/01\/Screenshot_20240119_144236_com.android.gallery3d_edit_11257577434218-300x138.jpg 300w, https:\/\/lucacsorgeo.com\/wp-content\/uploads\/2024\/01\/Screenshot_20240119_144236_com.android.gallery3d_edit_11257577434218-1024x472.jpg 1024w, https:\/\/lucacsorgeo.com\/wp-content\/uploads\/2024\/01\/Screenshot_20240119_144236_com.android.gallery3d_edit_11257577434218-768x354.jpg 768w\" sizes=\"(max-width: 1080px) 100vw, 1080px\" \/><\/figure>\n\n\n\n<div style=\"height:100px\" aria-hidden=\"true\" class=\"wp-block-spacer\"><\/div>\n\n\n\n<p><\/p>\n\n\n\n<figure class=\"wp-block-gallery has-nested-images columns-default is-cropped wp-block-gallery-1 is-layout-flex wp-block-gallery-is-layout-flex\">\n<figure class=\"wp-block-image size-large\"><img decoding=\"async\" width=\"616\" height=\"912\" data-id=\"148\" src=\"https:\/\/lucacsorgeo.com\/wp-content\/uploads\/2024\/01\/Screenshot_20240119_153242_com.android.chrome_edit_8003132225340.jpg\" alt=\"\" class=\"wp-image-148\" srcset=\"https:\/\/lucacsorgeo.com\/wp-content\/uploads\/2024\/01\/Screenshot_20240119_153242_com.android.chrome_edit_8003132225340.jpg 616w, https:\/\/lucacsorgeo.com\/wp-content\/uploads\/2024\/01\/Screenshot_20240119_153242_com.android.chrome_edit_8003132225340-203x300.jpg 203w\" sizes=\"(max-width: 616px) 100vw, 616px\" \/><\/figure>\n\n\n\n<figure class=\"wp-block-image size-large\"><img decoding=\"async\" width=\"680\" height=\"1024\" data-id=\"149\" src=\"https:\/\/lucacsorgeo.com\/wp-content\/uploads\/2024\/01\/Screenshot_20240119_153205_com.android.chrome_edit_8016617525338-680x1024.jpg\" alt=\"\" class=\"wp-image-149\" srcset=\"https:\/\/lucacsorgeo.com\/wp-content\/uploads\/2024\/01\/Screenshot_20240119_153205_com.android.chrome_edit_8016617525338-680x1024.jpg 680w, https:\/\/lucacsorgeo.com\/wp-content\/uploads\/2024\/01\/Screenshot_20240119_153205_com.android.chrome_edit_8016617525338-199x300.jpg 199w, https:\/\/lucacsorgeo.com\/wp-content\/uploads\/2024\/01\/Screenshot_20240119_153205_com.android.chrome_edit_8016617525338-768x1157.jpg 768w, https:\/\/lucacsorgeo.com\/wp-content\/uploads\/2024\/01\/Screenshot_20240119_153205_com.android.chrome_edit_8016617525338.jpg 939w\" sizes=\"(max-width: 680px) 100vw, 680px\" \/><\/figure>\n\n\n\n<figure class=\"wp-block-image size-large\"><img loading=\"lazy\" decoding=\"async\" width=\"682\" height=\"1024\" data-id=\"147\" src=\"https:\/\/lucacsorgeo.com\/wp-content\/uploads\/2024\/01\/Screenshot_20240119_153255_com.android.chrome_edit_7988244928467-682x1024.jpg\" alt=\"\" class=\"wp-image-147\" srcset=\"https:\/\/lucacsorgeo.com\/wp-content\/uploads\/2024\/01\/Screenshot_20240119_153255_com.android.chrome_edit_7988244928467-682x1024.jpg 682w, https:\/\/lucacsorgeo.com\/wp-content\/uploads\/2024\/01\/Screenshot_20240119_153255_com.android.chrome_edit_7988244928467-200x300.jpg 200w, https:\/\/lucacsorgeo.com\/wp-content\/uploads\/2024\/01\/Screenshot_20240119_153255_com.android.chrome_edit_7988244928467-768x1153.jpg 768w, https:\/\/lucacsorgeo.com\/wp-content\/uploads\/2024\/01\/Screenshot_20240119_153255_com.android.chrome_edit_7988244928467-1023x1536.jpg 1023w, https:\/\/lucacsorgeo.com\/wp-content\/uploads\/2024\/01\/Screenshot_20240119_153255_com.android.chrome_edit_7988244928467.jpg 1052w\" sizes=\"(max-width: 682px) 100vw, 682px\" \/><\/figure>\n\n\n\n<figure class=\"wp-block-image size-large\"><img loading=\"lazy\" decoding=\"async\" width=\"678\" height=\"1024\" data-id=\"145\" src=\"https:\/\/lucacsorgeo.com\/wp-content\/uploads\/2024\/01\/Screenshot_20240119_153313_com.android.chrome_edit_7958095719097-678x1024.jpg\" alt=\"\" class=\"wp-image-145\" srcset=\"https:\/\/lucacsorgeo.com\/wp-content\/uploads\/2024\/01\/Screenshot_20240119_153313_com.android.chrome_edit_7958095719097-678x1024.jpg 678w, https:\/\/lucacsorgeo.com\/wp-content\/uploads\/2024\/01\/Screenshot_20240119_153313_com.android.chrome_edit_7958095719097-199x300.jpg 199w, https:\/\/lucacsorgeo.com\/wp-content\/uploads\/2024\/01\/Screenshot_20240119_153313_com.android.chrome_edit_7958095719097-768x1160.jpg 768w, https:\/\/lucacsorgeo.com\/wp-content\/uploads\/2024\/01\/Screenshot_20240119_153313_com.android.chrome_edit_7958095719097.jpg 962w\" sizes=\"(max-width: 678px) 100vw, 678px\" \/><\/figure>\n\n\n\n<figure class=\"wp-block-image size-large\"><img loading=\"lazy\" decoding=\"async\" width=\"686\" height=\"1024\" data-id=\"146\" src=\"https:\/\/lucacsorgeo.com\/wp-content\/uploads\/2024\/01\/Screenshot_20240119_153304_com.android.chrome_edit_7970823877949-686x1024.jpg\" alt=\"\" class=\"wp-image-146\" srcset=\"https:\/\/lucacsorgeo.com\/wp-content\/uploads\/2024\/01\/Screenshot_20240119_153304_com.android.chrome_edit_7970823877949-686x1024.jpg 686w, https:\/\/lucacsorgeo.com\/wp-content\/uploads\/2024\/01\/Screenshot_20240119_153304_com.android.chrome_edit_7970823877949-201x300.jpg 201w, https:\/\/lucacsorgeo.com\/wp-content\/uploads\/2024\/01\/Screenshot_20240119_153304_com.android.chrome_edit_7970823877949-768x1146.jpg 768w, https:\/\/lucacsorgeo.com\/wp-content\/uploads\/2024\/01\/Screenshot_20240119_153304_com.android.chrome_edit_7970823877949.jpg 958w\" sizes=\"(max-width: 686px) 100vw, 686px\" \/><\/figure>\n\n\n<\/figure>\n\n\n\n<p class=\"has-text-align-right\"><strong>A fot\u00f3kat V\u00e1rallyay N\u00f3ra k\u00e9sz\u00edtette<\/strong>.<\/p>\n\n\n\n<div style=\"height:186px\" aria-hidden=\"true\" class=\"wp-block-spacer\"><\/div>\n\n\n\n<figure class=\"wp-block-embed is-type-video is-provider-youtube wp-block-embed-youtube wp-embed-aspect-16-9 wp-has-aspect-ratio\"><div class=\"wp-block-embed__wrapper\">\n<iframe title=\"Bellini: Oh, quante volte - Cs\u00f6rge\u0151 Luca\" width=\"1200\" height=\"675\" src=\"https:\/\/www.youtube.com\/embed\/jNBFnaiFV44?feature=oembed\" frameborder=\"0\" allow=\"accelerometer; autoplay; clipboard-write; encrypted-media; gyroscope; picture-in-picture; web-share\" referrerpolicy=\"strict-origin-when-cross-origin\" allowfullscreen><\/iframe>\n<\/div><\/figure>\n\n\n\n<p><\/p>\n\n\n\n<p><\/p>\n\n\n\n<figure class=\"wp-block-embed is-type-video is-provider-youtube wp-block-embed-youtube wp-embed-aspect-16-9 wp-has-aspect-ratio\"><div class=\"wp-block-embed__wrapper\">\n<iframe title=\"W. A. Mozart - Le nozze di Figaro.Barbarina`s aria -  L&#039;ho perduta, me meschina - concert recording\" width=\"1200\" height=\"675\" src=\"https:\/\/www.youtube.com\/embed\/2_X7Rxn5h6k?feature=oembed\" frameborder=\"0\" allow=\"accelerometer; autoplay; clipboard-write; encrypted-media; gyroscope; picture-in-picture; web-share\" referrerpolicy=\"strict-origin-when-cross-origin\" allowfullscreen><\/iframe>\n<\/div><\/figure>\n\n\n\n<p><\/p>\n\n\n\n<p><\/p>\n\n\n\n<p><\/p>\n\n\n\n<p class=\"has-text-align-center\">Tov\u00e1bbi vide\u00f3k\u00e9rt kattints ide &#8211; <a href=\"https:\/\/www.youtube.com\/@lucacsorgeo9104\" data-type=\"link\" data-id=\"https:\/\/www.youtube.com\/@lucacsorgeo9104\">https:\/\/www.youtube.com\/@lucacsorgeo9104<\/a><\/p>\n","protected":false},"excerpt":{"rendered":"<p>A fot\u00f3kat V\u00e1rallyay N\u00f3ra k\u00e9sz\u00edtette. Tov\u00e1bbi vide\u00f3k\u00e9rt kattints ide &#8211; https:\/\/www.youtube.com\/@lucacsorgeo9104<\/p>\n","protected":false},"author":1,"featured_media":0,"parent":3,"menu_order":0,"comment_status":"closed","ping_status":"closed","template":"","meta":{"footnotes":""},"class_list":["post-27","page","type-page","status-publish"],"_links":{"self":[{"href":"https:\/\/lucacsorgeo.com\/index.php?rest_route=\/wp\/v2\/pages\/27","targetHints":{"allow":["GET"]}}],"collection":[{"href":"https:\/\/lucacsorgeo.com\/index.php?rest_route=\/wp\/v2\/pages"}],"about":[{"href":"https:\/\/lucacsorgeo.com\/index.php?rest_route=\/wp\/v2\/types\/page"}],"author":[{"embeddable":true,"href":"https:\/\/lucacsorgeo.com\/index.php?rest_route=\/wp\/v2\/users\/1"}],"replies":[{"embeddable":true,"href":"https:\/\/lucacsorgeo.com\/index.php?rest_route=%2Fwp%2Fv2%2Fcomments&post=27"}],"version-history":[{"count":24,"href":"https:\/\/lucacsorgeo.com\/index.php?rest_route=\/wp\/v2\/pages\/27\/revisions"}],"predecessor-version":[{"id":584,"href":"https:\/\/lucacsorgeo.com\/index.php?rest_route=\/wp\/v2\/pages\/27\/revisions\/584"}],"up":[{"embeddable":true,"href":"https:\/\/lucacsorgeo.com\/index.php?rest_route=\/wp\/v2\/pages\/3"}],"wp:attachment":[{"href":"https:\/\/lucacsorgeo.com\/index.php?rest_route=%2Fwp%2Fv2%2Fmedia&parent=27"}],"curies":[{"name":"wp","href":"https:\/\/api.w.org\/{rel}","templated":true}]}}