{"id":222,"date":"2024-01-21T00:03:06","date_gmt":"2024-01-20T23:03:06","guid":{"rendered":"https:\/\/lucacsorgeo.com\/?page_id=222"},"modified":"2025-12-12T19:55:00","modified_gmt":"2025-12-12T18:55:00","slug":"bio","status":"publish","type":"page","link":"https:\/\/lucacsorgeo.com\/?page_id=222","title":{"rendered":"Bio"},"content":{"rendered":"\n<figure class=\"wp-block-image alignfull size-large\"><img fetchpriority=\"high\" decoding=\"async\" width=\"1024\" height=\"473\" src=\"https:\/\/lucacsorgeo.com\/wp-content\/uploads\/2024\/01\/Screenshot_20240119_205916_com.google.android.apps_.docs_edit_22427162994493-1024x473.jpg\" alt=\"\" class=\"wp-image-196\" srcset=\"https:\/\/lucacsorgeo.com\/wp-content\/uploads\/2024\/01\/Screenshot_20240119_205916_com.google.android.apps_.docs_edit_22427162994493-1024x473.jpg 1024w, https:\/\/lucacsorgeo.com\/wp-content\/uploads\/2024\/01\/Screenshot_20240119_205916_com.google.android.apps_.docs_edit_22427162994493-300x138.jpg 300w, https:\/\/lucacsorgeo.com\/wp-content\/uploads\/2024\/01\/Screenshot_20240119_205916_com.google.android.apps_.docs_edit_22427162994493-768x354.jpg 768w, https:\/\/lucacsorgeo.com\/wp-content\/uploads\/2024\/01\/Screenshot_20240119_205916_com.google.android.apps_.docs_edit_22427162994493.jpg 1079w\" sizes=\"(max-width: 1024px) 100vw, 1024px\" \/><\/figure>\n\n\n\n<h2 class=\"wp-block-heading has-text-align-center\">Bio<\/h2>\n\n\n\n<p class=\"has-text-align-center\">Budapesten sz\u00fcletett, a Liszt Ferenc Zeneakad\u00e9mi\u00e1n l\u00e9pett fel el\u0151sz\u00f6r 5 \u00e9vesen, ahol jelenleg is v\u00e9gzi tanulm\u00e1nyait. 18 \u00e9vig a Magyar \u00c1llami Operah\u00e1zban szerepelt mint gyermek sz\u00f3lista \u00e9s k\u00f3rustag.<\/p>\n\n\n\n<details class=\"wp-block-details is-layout-flow wp-block-details-is-layout-flow\"><summary><strong>D\u00edjak<\/strong><\/summary>\n<p>2025. Nemzet Fiatal tehets\u00e9gei\u00e9rt \u00f6szt\u00f6nd\u00edj <\/p>\n\n\n\n<p><strong>2024. American Nemzetk\u00f6zi zenei verseny 1.helyez\u00e9s<\/strong><\/p>\n\n\n\n<p><strong>2024.  London Classical Music Competition 1. helyez\u00e9s<\/strong><\/p>\n\n\n\n<p><strong>2024. Classical Stars Nemzetk\u00f6zi zenei verseny 2. helyez\u00e9s<\/strong> &#8211;<strong> Lengyelorsz\u00e1g<\/strong><\/p>\n\n\n\n<p><strong>2023. VIII. Danubia Talents Nemzetk\u00f6zi zenei verseny 2. helyez\u00e9s<\/strong><\/p>\n\n\n\n<p><strong>2023. 15th Luigi Cerritelli Nemzetk\u00f6zi zenei verseny 1. helyez\u00e9s &#8211; Olaszorsz\u00e1g<\/strong><\/p>\n\n\n\n<p><strong>2023. Euterpe Zenei d\u00edj 1. helyez\u00e9s &#8211;&nbsp; N\u00e9metorsz\u00e1g<\/strong><\/p>\n\n\n\n<p><strong>2022. 14th Luigi Cerritelli Nemzetk\u00f6zi zenei verseny 1. helyez\u00e9s &#8211; Olaszorsz\u00e1g<\/strong><\/p>\n\n\n\n<p><strong>2022. IMKA \u00c9nek \u00e9s T\u00e1ncverseny 1. helyez\u00e9s Bosznia-Hercegovina<\/strong><\/p>\n\n\n\n<p><strong>2022. Danubia Talents nemzetk\u00f6zi \u00e9nekverseny 2. helyez\u00e9s<\/strong><\/p>\n\n\n\n<p><strong>2022. Nemzetk\u00f6zi \u00c9nekverseny Basel 2. helyez\u00e9s, k\u00fcl\u00f6nd\u00edj Supraleitung Method &#8211; Sv\u00e1jc<\/strong><\/p>\n\n\n\n<p><strong>2022. IMC&nbsp; nemzetk\u00f6zi versenyen 1. helyez\u00e9s &#8211; Franciaorsz\u00e1g&nbsp;<\/strong><\/p>\n\n\n\n<p><strong>2022. Nouvelles \u00c9toiles nemzetk\u00f6zi \u00e9nekverseny 1. helyez\u00e9s &#8211; Franciaorsz\u00e1g<\/strong><\/p>\n\n\n\n<p><strong>2021. Lav Mirski nemzetk\u00f6zi \u00e9nekverseny 1. helyez\u00e9s &#8211; Horv\u00e1torsz\u00e1g<\/strong><\/p>\n\n\n\n<p><strong>2021. Nouvelles \u00c9toiles nemzetk\u00f6zi \u00e9nekverseny 2. helyez\u00e9s &#8211; Franciaorsz\u00e1g<\/strong><\/p>\n\n\n\n<p><strong>2020. Veszpr\u00e9mi \u00e9nekverseny 1. helyez\u00e9s<\/strong><\/p>\n<\/details>\n\n\n\n<details class=\"wp-block-details is-layout-flow wp-block-details-is-layout-flow\"><summary><strong>Tanulm\u00e1nyok<\/strong> <\/summary>\n<p>2023-2025<\/p>\n\n\n\n<p>Liszt Ferenc Zenem\u0171v\u00e9szeti Egyetem MA orat\u00f3rium \u00e9s dal\u00e9nek szak<\/p>\n\n\n\n<p>2020 &#8211; 2023<\/p>\n\n\n\n<p>Debreceni Egyetem BA klasszikus mag\u00e1n\u00e9nek szak<\/p>\n\n\n\n<p>2020 &#8211; 2014<\/p>\n\n\n\n<p>Szent Istv\u00e1n Kir\u00e1ly Zenem\u0171v\u00e9szeti Szakgimn\u00e1zium \u00e9s Alapfok\u00fa M\u0171v\u00e9szeti Iskola (hangkult\u00fara szak) OKJ klasszikus zen\u00e9sz-hangtechnikus szakir\u00e1ny <\/p>\n\n\n\n<p><\/p>\n<\/details>\n\n\n\n<details class=\"wp-block-details is-layout-flow wp-block-details-is-layout-flow\"><summary><strong>Szerepek<\/strong> <\/summary>\n<p>Gaetano Donizetti: Szerelmi b\u00e1jital &#8211; Adina <\/p>\n\n\n\n<p>Gaetano Donizetti: A cseng\u0151 &#8211; Serafina <\/p>\n\n\n\n<p>Kacs\u00f3h Pongr\u00e1cz: J\u00e1nos vit\u00e9z -Iluska <\/p>\n\n\n\n<p>Giuseppe Verdi &#8211; Macbeth: Harmadik jelen\u00e9s (soprano) <\/p>\n\n\n\n<p>Wolfgang Amadeus Mozart &#8211; Bastien \u00e9s Bastienne: Bastienne<\/p>\n\n\n\n<p>Wolfgang Amadeus Mozart &#8211; Var\u00e1zsfuvola: Pamina, Papagena, h\u00e1rom \u00e9gi gyermek (soprano)<\/p>\n\n\n\n<p>Wolfgang Amadeus Mozart \u2013 Figaro h\u00e1zass\u00e1ga: Barbarina<\/p>\n\n\n\n<p>Engelbert Humperdinck &#8211; Jancsi \u00e9s Juliska: \u00c1lomman\u00f3, \u00c9breszt\u0151man\u00f3&nbsp;<\/p>\n\n\n\n<p>Richard Wagner &#8211; Tannhauer: h\u00edrn\u00f6k<\/p>\n\n\n\n<p>Giacomo Puccini &#8211; Tosca: P\u00e1sztor fi\u00fa<\/p>\n\n\n\n<p>Giacomo Puccini \u2013 La Boh\u00e9me: gyermek sz\u00f3lista<\/p>\n<\/details>\n\n\n\n<details class=\"wp-block-details is-layout-flow wp-block-details-is-layout-flow\"><summary><strong>Munkatapasztalat <\/strong> <\/summary>\n<p>2017-2022<\/p>\n\n\n\n<p>Az Orsz\u00e1gos Sz\u00e9ch\u00e9nyi K\u00f6nyvt\u00e1r k\u00f3rus\u00e1nak sz\u00f3lista k\u00f6zrem\u0171k\u00f6d\u0151je<\/p>\n\n\n\n<p>2004-2021<\/p>\n\n\n\n<p>Magyar \u00c1llami Operah\u00e1z<\/p>\n\n\n\n<p>2017-2019<\/p>\n\n\n\n<p>Zugl\u00f3i Filharm\u00f3nia-Szent Istv\u00e1n Kir\u00e1ly Orat\u00f3riumk\u00f3rus<\/p>\n\n\n\n<p>2019-<\/p>\n\n\n\n<p>Budapest &#8211; Fels\u0151v\u00edziv\u00e1rosi Szent Anna templom sz\u00f3list\u00e1ja<\/p>\n<\/details>\n\n\n\n<p><\/p>\n","protected":false},"excerpt":{"rendered":"<p>Bio Budapesten sz\u00fcletett, a Liszt Ferenc Zeneakad\u00e9mi\u00e1n l\u00e9pett fel el\u0151sz\u00f6r 5 \u00e9vesen, ahol jelenleg is v\u00e9gzi tanulm\u00e1nyait. 18 \u00e9vig a Magyar \u00c1llami Operah\u00e1zban szerepelt mint gyermek sz\u00f3lista \u00e9s k\u00f3rustag.<\/p>\n","protected":false},"author":1,"featured_media":0,"parent":0,"menu_order":0,"comment_status":"closed","ping_status":"closed","template":"","meta":{"footnotes":""},"class_list":["post-222","page","type-page","status-publish"],"_links":{"self":[{"href":"https:\/\/lucacsorgeo.com\/index.php?rest_route=\/wp\/v2\/pages\/222","targetHints":{"allow":["GET"]}}],"collection":[{"href":"https:\/\/lucacsorgeo.com\/index.php?rest_route=\/wp\/v2\/pages"}],"about":[{"href":"https:\/\/lucacsorgeo.com\/index.php?rest_route=\/wp\/v2\/types\/page"}],"author":[{"embeddable":true,"href":"https:\/\/lucacsorgeo.com\/index.php?rest_route=\/wp\/v2\/users\/1"}],"replies":[{"embeddable":true,"href":"https:\/\/lucacsorgeo.com\/index.php?rest_route=%2Fwp%2Fv2%2Fcomments&post=222"}],"version-history":[{"count":18,"href":"https:\/\/lucacsorgeo.com\/index.php?rest_route=\/wp\/v2\/pages\/222\/revisions"}],"predecessor-version":[{"id":608,"href":"https:\/\/lucacsorgeo.com\/index.php?rest_route=\/wp\/v2\/pages\/222\/revisions\/608"}],"wp:attachment":[{"href":"https:\/\/lucacsorgeo.com\/index.php?rest_route=%2Fwp%2Fv2%2Fmedia&parent=222"}],"curies":[{"name":"wp","href":"https:\/\/api.w.org\/{rel}","templated":true}]}}